{"id":8449,"date":"2025-04-03T19:14:43","date_gmt":"2025-04-03T22:14:43","guid":{"rendered":"https:\/\/patagoniadesarrolla.com\/olvidaste-tu-contrasena\/"},"modified":"2025-04-03T19:14:43","modified_gmt":"2025-04-03T22:14:43","slug":"olvidaste-tu-contrasena","status":"publish","type":"page","link":"https:\/\/patagoniadesarrolla.com\/pt\/olvidaste-tu-contrasena\/","title":{"rendered":"Esqueceu sua senha?"},"content":{"rendered":"<div class=\"pmagic\">  \n <div class=\"pm-login-box pm-dbfl pm-border pm-radius5\"> \n\n \n \n <form id=\"lostpasswordform\" class=\"pmagic-form pm-dbfl pm-bg-lt\"\n       action=\"https:\/\/patagoniadesarrolla.com\/pt\/dashboard\/?action=lostpassword\" method=\"post\">\n\n     <input type=\"hidden\" name=\"pm_password_nonce\" value=\"8a8e6fff0e\" \/>\n     <div class=\"pm-login-header pm-dbfl pm-bg pm-border-bt pm-pad10\">\n         Se voc\u00ea perdeu sua senha, podemos ajud\u00e1-lo a redefini-la. Para iniciar o processo de redefini\u00e7\u00e3o de senha, digite seu nome de usu\u00e1rio ou e-mail na caixa abaixo e clique no bot\u00e3o.     <\/div>\n\n     <input type=\"text\" \n            name=\"user_login\" \n            id=\"user_login\" \n            placeholder=\"E-mail ou nome de usu\u00e1rio\">\n\n     <div class=\"pm-login-box-bottom-container pm-dbfl pm-bg pm-border\">\n         <input type=\"submit\" name=\"submit\" class=\"lostpassword-button\"\n                value=\"Redefinir senha\"\/>\n     <\/div>\n\n <\/form>\n\n \n <\/div>\n<\/div>","protected":false},"excerpt":{"rendered":"","protected":false},"author":1,"featured_media":0,"parent":0,"menu_order":0,"comment_status":"closed","ping_status":"closed","template":"","meta":{"_acf_changed":false,"_joinchat":[],"footnotes":""},"class_list":["post-8449","page","type-page","status-publish","hentry"],"acf":[],"aioseo_notices":[],"_links":{"self":[{"href":"https:\/\/patagoniadesarrolla.com\/pt\/wp-json\/wp\/v2\/pages\/8449","targetHints":{"allow":["GET"]}}],"collection":[{"href":"https:\/\/patagoniadesarrolla.com\/pt\/wp-json\/wp\/v2\/pages"}],"about":[{"href":"https:\/\/patagoniadesarrolla.com\/pt\/wp-json\/wp\/v2\/types\/page"}],"author":[{"embeddable":true,"href":"https:\/\/patagoniadesarrolla.com\/pt\/wp-json\/wp\/v2\/users\/1"}],"replies":[{"embeddable":true,"href":"https:\/\/patagoniadesarrolla.com\/pt\/wp-json\/wp\/v2\/comments?post=8449"}],"version-history":[{"count":0,"href":"https:\/\/patagoniadesarrolla.com\/pt\/wp-json\/wp\/v2\/pages\/8449\/revisions"}],"wp:attachment":[{"href":"https:\/\/patagoniadesarrolla.com\/pt\/wp-json\/wp\/v2\/media?parent=8449"}],"curies":[{"name":"wp","href":"https:\/\/api.w.org\/{rel}","templated":true}]}}