{"id":8444,"date":"2025-04-03T19:14:43","date_gmt":"2025-04-03T22:14:43","guid":{"rendered":"https:\/\/patagoniadesarrolla.com\/registro\/"},"modified":"2025-04-03T19:14:43","modified_gmt":"2025-04-03T22:14:43","slug":"registro","status":"publish","type":"page","link":"https:\/\/patagoniadesarrolla.com\/pt\/registro\/","title":{"rendered":"Registro"},"content":{"rendered":"<div class=\"pmagic\">   \n    <!-----Form Starts----->\n    <div class=\"pg-group-box-wrap pg-group-reg-form pg-group-form-field-icon pm-dbfl\">\n        <form class=\"pmagic-form pm-dbfl\"\n              method=\"post\"\n              action=\"\"\n              id=\"pm_regform_1\"\n              name=\"pm_regform_1\"\n              onsubmit=\"return profile_magic_frontend_validation(this)\"\n              enctype=\"multipart\/form-data\" data-trp-original-action=\"\">\n\n            <input type=\"hidden\" name=\"pm_registration_nonce\" value=\"b46cfebbca\" \/>\n            <fieldset id=\"fieldset_1\"><legend>Dados pessoais<\/legend><div class=\"pmrow\">        \n        <div class=\"pm-col\">\n            <div class=\"pm-field-lable\">\n                <span class=\"pm-form-field-icon\"><\/span>\n                <label for=\"user_login\">Nome de usu\u00e1rio<sup class=\"pm_estric\">*<\/sup><\/label>\n            <\/div>\n            <div class=\"pm-field-input pm_user_name pm_required\">\n                <input title=\"\" type=\"text\" class=\"\" maxlength=\"\" value=\"\" id=\"user_login\" name=\"user_login\" placeholder=\"\" onkeyup=\"pm_frontend_check_username()\" onblur=\"pm_frontend_check_username()\">\n                <div class=\"errortext\" style=\"display:none;\"><\/div>\n                <div class=\"usernameerror\" style=\"display:none;\"><\/div>\n            <\/div>\n        <\/div>\n\n        <\/div><div class=\"pmrow\">        \n        <div class=\"pm-col\">\n            <div class=\"pm-field-lable\">\n                  <span class=\"pm-form-field-icon\"><\/span>\n                <label for=\"first_name\">Primeiro nome<sup class=\"pm_estric\">*<\/sup><\/label>\n            <\/div>\n            <div class=\"pm-field-input pm_required\">\n                <input title=\"\" type=\"text\" class=\"\" maxlength=\"\" value=\"\" id=\"first_name\" name=\"first_name\" placeholder=\"\">\n                <div class=\"errortext\" style=\"display:none;\"><\/div>\n            <\/div>\n        <\/div>\n\n        <\/div><div class=\"pmrow\">        \n        <div class=\"pm-col\">\n            <div class=\"pm-field-lable\">\n                  <span class=\"pm-form-field-icon\"><\/span>\n                <label for=\"last_name\">Sobrenome<sup class=\"pm_estric\">*<\/sup><\/label>\n            <\/div>\n            <div class=\"pm-field-input pm_required\">\n                <input title=\"\" type=\"text\" class=\"\" maxlength=\"\" value=\"\" id=\"last_name\" name=\"last_name\" placeholder=\"\">\n                <div class=\"errortext\" style=\"display:none;\"><\/div>\n            <\/div>\n        <\/div>\n\n        <\/div><div class=\"pmrow\">        \n        <div class=\"pm-col\">\n            <div class=\"pm-field-lable\">\n                  <span class=\"pm-form-field-icon\"><\/span>\n                <label for=\"user_email\">E-mail<sup class=\"pm_estric\">*<\/sup><\/label>\n            <\/div>\n            <div class=\"pm-field-input pm_email pm_user_email pm_required\">\n                                        <input title=\"\" type=\"email\" class=\"\"  value=\"\" id=\"user_email\" name=\"user_email\" placeholder=\"\" onkeyup=\"pm_frontend_check_useremail('')\" onblur=\"pm_frontend_check_useremail('')\" >\n                                        <div class=\"errortext\" style=\"display:none;\"><\/div>\n                <div class=\"useremailerror\" style=\"display:none;\"><\/div>\n            <\/div>\n        <\/div>\n\n        <\/div><div class=\"pmrow\">        \n        <div class=\"pm-col\">\n            <div class=\"pm-field-lable\">\n                <span class=\"pm-form-field-icon\"><\/span>\n                <label for=\"user_pass\">Senha<sup class=\"pm_estric\">*<\/sup><\/label>\n            <\/div>\n            <div class=\"pm-field-input pm_user_pass pm_required\">\n                <input title=\"\" type=\"password\" class=\"\" maxlength=\"\" value=\"\" id=\"user_pass\" name=\"user_pass\" placeholder=\"\">\n                <div class=\"errortext\" style=\"display:none;\"><\/div>\n            <\/div>\n        <\/div>\n\n        <\/div><div class=\"pmrow\">        \n        <div class=\"pm-col\">\n            <div class=\"pm-field-lable\">\n                <span class=\"pm-form-field-icon\"><\/span>\n                <label for=\"confirm_pass\">Confirme sua senha<sup class=\"pm_estric\">*<\/sup><\/label>\n            <\/div>\n            <div class=\"pm-field-input pm_confirm_pass pm_required\">\n                <input title=\"\" type=\"password\" class=\"\" maxlength=\"\" value=\"\" id=\"confirm_pass\" name=\"confirm_pass\" placeholder=\"\">\n                <div class=\"errortext\" style=\"display:none;\"><\/div>\n            <\/div>\n        <\/div>\n        <\/div><div class=\"pmrow\">        \n        <div class=\"pm-col\">\n            <div class=\"pm-field-lable\">\n                  <span class=\"pm-form-field-icon\"><\/span>\n                <label for=\"user_url\">Site<sup class=\"pm_estric\">*<\/sup><\/label>\n            <\/div>\n            <div class=\"pm-field-input pm_user_url pm_required\">\n                <input title=\"\" type=\"url\" class=\"\" maxlength=\"\" value=\"\" id=\"user_url\" name=\"user_url\" placeholder=\"\">\n                <div class=\"errortext\" style=\"display:none;\"><\/div>\n            <\/div>\n        <\/div>\n\n        <\/div><div class=\"pmrow\">        \n        <div class=\"pm-col\">\n            <div class=\"pm-field-lable\">\n                  <span class=\"pm-form-field-icon\"><\/span>\n                <label for=\"description\">Informa\u00e7\u00f5es biogr\u00e1ficas<sup class=\"pm_estric\">*<\/sup><\/label>\n            <\/div>\n            <div class=\"pm-field-input pm_textarearequired\">\n                                 <textarea title=\"\" class=\"\" maxlength=\"\" cols=\"\" rows=\"\" id=\"description\" name=\"description\" placeholder=\"\"><\/textarea>\n                                <div class=\"errortext\" style=\"display:none;\"><\/div>\n            <\/div>\n        <\/div>\n        <\/div><div class=\"all_errors\" style=\"display:none;\"><\/div><\/fieldset>\n            <div class=\"buttonarea pm-full-width-container\">\n                <div class=\"all_errors\" style=\"display:none;\"><\/div>\n\n                     \n\n                \n                <input type=\"submit\"\n                       value=\"Enviar\"\n                       name=\"reg_form_submit\">\n            <\/div>\n        <input type=\"hidden\" name=\"trp-form-language\" value=\"pt\"\/><\/form>\n    <\/div>\n<\/div>","protected":false},"excerpt":{"rendered":"","protected":false},"author":1,"featured_media":0,"parent":0,"menu_order":0,"comment_status":"closed","ping_status":"closed","template":"","meta":{"_acf_changed":false,"_joinchat":[],"footnotes":""},"class_list":["post-8444","page","type-page","status-publish","hentry"],"acf":[],"aioseo_notices":[],"_links":{"self":[{"href":"https:\/\/patagoniadesarrolla.com\/pt\/wp-json\/wp\/v2\/pages\/8444","targetHints":{"allow":["GET"]}}],"collection":[{"href":"https:\/\/patagoniadesarrolla.com\/pt\/wp-json\/wp\/v2\/pages"}],"about":[{"href":"https:\/\/patagoniadesarrolla.com\/pt\/wp-json\/wp\/v2\/types\/page"}],"author":[{"embeddable":true,"href":"https:\/\/patagoniadesarrolla.com\/pt\/wp-json\/wp\/v2\/users\/1"}],"replies":[{"embeddable":true,"href":"https:\/\/patagoniadesarrolla.com\/pt\/wp-json\/wp\/v2\/comments?post=8444"}],"version-history":[{"count":0,"href":"https:\/\/patagoniadesarrolla.com\/pt\/wp-json\/wp\/v2\/pages\/8444\/revisions"}],"wp:attachment":[{"href":"https:\/\/patagoniadesarrolla.com\/pt\/wp-json\/wp\/v2\/media?parent=8444"}],"curies":[{"name":"wp","href":"https:\/\/api.w.org\/{rel}","templated":true}]}}