{"id":6772,"date":"2024-07-23T10:52:26","date_gmt":"2024-07-23T13:52:26","guid":{"rendered":"https:\/\/patagoniadesarrolla.com\/?page_id=6772"},"modified":"2024-07-23T18:24:57","modified_gmt":"2024-07-23T21:24:57","slug":"la-jacinta","status":"publish","type":"page","link":"https:\/\/patagoniadesarrolla.com\/en\/la-jacinta\/","title":{"rendered":"The Jacinta"},"content":{"rendered":"<div>\n<style>\n    .uk-navbar, \n    .tm-header-mobile, \n    footer{\n        display:none;\n    }\n<\/style>\n<\/div>\n<div>\n<p>    <meta name=\"theme-color\" content=\"#\"><\/p>\n<style>\n    :root {--appColor: #222;}\n<\/style>\n<\/div>\n<p><img decoding=\"async\" src=\"\/wp-content\/uploads\/2021\/07\/logo.png\" alt=\"Logo de Esquel Activo\"><\/p>\n<h4>Presentaci\u00f3n exclusiva<\/h4>\n<p><img decoding=\"async\" src=\"\/wp-content\/uploads\/2024\/07\/la-jacinta-4.jpg\" alt=\"\"><\/p>\n<h2>La Jacinta<\/h2>\n<div>\n<p><strong>Campo de 1239 hect\u00e1reas ubicada en la zona sur de la colonia Galesa, accesible por la ruta provincial N\u00b0 17 que conecta con ruta nacional N\u00b0 259 (Trevelin con Corcovado), actualmente en proceso de asfaltado. A 55 km de Trevelin, 90 km del aeropuerto de Esquel y 25 km de Corcovado.<\/strong><\/p>\n<p>Cuenta con 350 metros de costa en el lago Campamento, con excelente pesca de truchas arco\u00edris.<\/p>\n<p>Adem\u00e1s, tiene 8 km de margen del r\u00edo Hielo, de los cuales 4 km son secciones encajonadas y escarpadas con accesos limitados desde el campo y los otros 4km con acceso franco a la costa del rio.<\/p>\n<p>Las instalaciones incluyen una casa principal con 3 habitaciones, 2 ba\u00f1os, sala, comedor y cocina, una casa para el encargado con 2 habitaciones, cocina y ba\u00f1o, as\u00ed como 2 galpones de madera, corrales varios y una manga para vacas.<\/p>\n<p>El campo est\u00e1 dividido en 7 potreros alambrados y mantenidos, con 10 km de caminos internos. \u00d3ptimo para ser utilizado como campo de invernada debido a su ubicaci\u00f3n en la parte baja de una vasta \u00e1rea de altas cumbres (l\u00edmite con Chile). Esto permite un acceso a la estancia pr\u00e1cticamente todo el a\u00f1o.<\/p>\n<\/div>\n<table>\n<tbody>\n<tr>\n<td>Tipo de Propiedad<\/td>\n<td><\/td>\n<\/tr>\n<tr>\n<td>Superficie<\/td>\n<td>1239 has<\/td>\n<\/tr>\n<tr>\n<td>Valor<\/td>\n<td>\n<p>&#8211;\/&#8211;<\/p>\n<\/td>\n<\/tr>\n<tr>\n<td>Locaci\u00f3n<\/td>\n<td>Trevelin<\/td>\n<\/tr>\n<\/tbody>\n<\/table>\n<div>\n<p>    <iframe loading=\"lazy\" src=\"https:\/\/www.google.com\/maps\/d\/u\/0\/embed?mid=1P4XmggjORm4v91R1LpjKUnKQIgGMxek&#038;ehbc=2E312F\" width=\"100%\" height=\"480\"><\/iframe>\n<\/div>\n<h1>Video<\/h1>\n<p><video src=\"https:\/\/patagoniadesarrolla.com\/videos\/video-la-jacienta.mp4\" poster=\"\"><\/video><\/p>\n<h1>Fotos<\/h1>\n<ul>\n<li>\n<p>        <img decoding=\"async\" src=\"\/wp-content\/uploads\/2024\/07\/la-jacinta-11.jpg\" alt=\"\"><\/p>\n<h3>la-jacinta-11<\/h3>\n<\/li>\n<li>\n<p>        <img decoding=\"async\" src=\"\/wp-content\/uploads\/2024\/07\/la-jacinta-9.jpg\" alt=\"\"><\/p>\n<h3>la-jacinta-9<\/h3>\n<\/li>\n<li>\n<p>        <img decoding=\"async\" src=\"\/wp-content\/uploads\/2024\/07\/la-jacinta-8.jpg\" alt=\"\"><\/p>\n<h3>la-jacinta-8<\/h3>\n<\/li>\n<li>\n<p>        <img decoding=\"async\" src=\"\/wp-content\/uploads\/2024\/07\/la-jacinta-5.jpg\" alt=\"\"><\/p>\n<h3>la-jacinta-5<\/h3>\n<\/li>\n<li>\n<p>        <img decoding=\"async\" src=\"\/wp-content\/uploads\/2024\/07\/la-jacinta-4.jpg\" alt=\"\"><\/p>\n<h3>la-jacinta-4<\/h3>\n<\/li>\n<li>\n<p>        <img decoding=\"async\" src=\"\/wp-content\/uploads\/2024\/07\/la-jacinta-3.jpg\" alt=\"\"><\/p>\n<h3>la-jacinta-3<\/h3>\n<\/li>\n<li>\n<p>        <img decoding=\"async\" src=\"\/wp-content\/uploads\/2024\/07\/la-jacinta-2.jpg\" alt=\"\"><\/p>\n<h3>la-jacinta-2<\/h3>\n<\/li>\n<li>\n<p>        <img decoding=\"async\" src=\"\/wp-content\/uploads\/2024\/07\/la-jacinta-1.jpg\" alt=\"\"><\/p>\n<h3>la-jacinta-1<\/h3>\n<\/li>\n<\/ul>\n<hr>\n<p><!--more--><br \/>\n<!-- {\"type\":\"layout\",\"children\":[{\"type\":\"section\",\"props\":{\"attributes\":\"hidden\",\"class\":\"uk-invisible\",\"image_position\":\"center-center\",\"padding\":\"none\",\"style\":\"default\",\"title_breakpoint\":\"xl\",\"title_position\":\"top-left\",\"title_rotation\":\"left\",\"vertical_align\":\"middle\",\"width\":\"default\"},\"children\":[{\"type\":\"row\",\"children\":[{\"type\":\"column\",\"props\":{\"image_position\":\"center-center\",\"position_sticky_breakpoint\":\"m\"},\"children\":[{\"type\":\"html\",\"props\":{\"content\":\"\n\n<style>\\n    .uk-navbar, \\n    .tm-header-mobile, \\n    footer{\\n        display:none;\\n    }\\n<\\\/style>\",\"css\":\"@navbar-color-mode: light;\"},\"name\":\"Ocultar \\\/\\\/ Header\",\"modified\":\"2021-09-07T19:14:26.955Z\"},{\"type\":\"html\",\"props\":{\"content\":\"<meta name=\\\"theme-color\\\" content=\\\"#\\\">\\n\\n\n\n<style>\\n    :root {--appColor: #222;}\\n<\\\/style>\"},\"name\":\"Meta \\\/\\\/ Theme Color\"}]}]}],\"name\":\"C\\u00f3digo personalizado\"},{\"type\":\"section\",\"props\":{\"divider_height\":\"120\",\"divider_position\":\"top\",\"divider_width\":\"100\",\"image_position\":\"center-center\",\"padding_custom_bottom\":\"40\",\"padding_custom_top\":\"40\",\"style\":\"default\",\"style_custom_color\":\"#ccc\",\"title_breakpoint\":\"xl\",\"title_position\":\"top-left\",\"title_rotation\":\"left\",\"vertical_align\":\"middle\",\"width\":\"default\"},\"children\":[{\"type\":\"row\",\"children\":[{\"type\":\"column\",\"props\":{\"image_position\":\"center-center\",\"position_sticky_breakpoint\":\"m\"},\"children\":[{\"type\":\"image\",\"props\":{\"image\":\"wp-content\\\/uploads\\\/2021\\\/07\\\/logo.png\",\"image_alt\":\"Logo de Esquel Activo\",\"image_svg_color\":\"emphasis\",\"image_width\":\"180\",\"margin\":\"default\",\"text_align\":\"center\"},\"name\":\"Logo Patagonia Desarrolla\"}]}]}]},{\"type\":\"section\",\"props\":{\"divider_height\":\"120\",\"divider_position\":\"top\",\"divider_width\":\"100\",\"image_position\":\"center-center\",\"padding_custom_bottom\":\"40\",\"padding_custom_top\":\"40\",\"style\":\"default\",\"style_custom_color\":\"#ccc\",\"title_breakpoint\":\"xl\",\"title_position\":\"top-left\",\"title_rotation\":\"left\",\"vertical_align\":\"middle\",\"width\":\"xsmall\"},\"children\":[{\"type\":\"row\",\"children\":[{\"type\":\"column\",\"props\":{\"image_position\":\"center-center\",\"position_sticky_breakpoint\":\"m\"},\"children\":[{\"type\":\"headline\",\"props\":{\"content\":\"Presentaci\\u00f3n exclusiva\",\"margin\":\"medium\",\"text_align\":\"center\",\"title_decoration\":\"line\",\"title_element\":\"h4\"},\"name\":\"Propiedades para Alejandro\"}]}]}]},{\"type\":\"section\",\"props\":{\"divider_height\":\"120\",\"divider_position\":\"top\",\"divider_width\":\"100\",\"image_position\":\"center-center\",\"padding_custom_bottom\":\"40\",\"padding_custom_top\":\"40\",\"style\":\"default\",\"style_custom_color\":\"#ccc\",\"title_breakpoint\":\"xl\",\"title_position\":\"top-left\",\"title_rotation\":\"left\",\"vertical_align\":\"middle\",\"width\":\"default\"},\"children\":[{\"type\":\"row\",\"children\":[{\"type\":\"column\",\"props\":{\"image_position\":\"center-center\",\"position_sticky_breakpoint\":\"m\"},\"children\":[{\"type\":\"image\",\"props\":{\"image\":\"wp-content\\\/uploads\\\/2024\\\/07\\\/la-jacinta-4.jpg\",\"image_border\":\"rounded\",\"image_height\":\"900\",\"image_svg_color\":\"emphasis\",\"image_width\":\"1200\",\"margin\":\"default\"}}]}]},{\"type\":\"row\",\"children\":[{\"type\":\"column\",\"props\":{\"image_position\":\"center-center\",\"position_sticky_breakpoint\":\"m\"},\"children\":[{\"type\":\"headline\",\"props\":{\"content\":\"La Jacinta\",\"margin_remove_bottom\":false,\"margin_remove_top\":false,\"title_element\":\"h2\"},\"name\":\"T\\u00edtulo Propiedad\"},{\"type\":\"text\",\"props\":{\"column_breakpoint\":\"m\",\"content\":\"\n\n<p><strong>Campo de 1239 hect\\u00e1reas ubicada en la zona sur de la colonia Galesa, accesible por la ruta provincial N\\u00b0 17 que conecta con ruta nacional N\\u00b0 259 (Trevelin con Corcovado), actualmente en proceso de asfaltado. A 55 km de Trevelin, 90 km del aeropuerto de Esquel y 25 km de Corcovado.<\\\/strong><\\\/p>\\n\n\n<p>Cuenta con 350 metros de costa en el lago Campamento, con excelente pesca de truchas arco\\u00edris.<\\\/p>\\n\n\n<p>Adem\\u00e1s, tiene 8 km de margen del r\\u00edo Hielo, de los cuales 4 km son secciones encajonadas y escarpadas con accesos limitados desde el campo y los otros 4km con acceso franco a la costa del rio.<\\\/p>\\n\n\n<p>Las instalaciones incluyen una casa principal con 3 habitaciones, 2 ba\\u00f1os, sala, comedor y cocina, una casa para el encargado con 2 habitaciones, cocina y ba\\u00f1o, as\\u00ed como 2 galpones de madera, corrales varios y una manga para vacas.<\\\/p>\\n\n\n<p>El campo est\\u00e1 dividido en 7 potreros alambrados y mantenidos, con 10 km de caminos internos. \\u00d3ptimo para ser utilizado como campo de invernada debido a su ubicaci\\u00f3n en la parte baja de una vasta \\u00e1rea de altas cumbres (l\\u00edmite con Chile). Esto permite un acceso a la estancia pr\\u00e1cticamente todo el a\\u00f1o.<\\\/p>\",\"margin\":\"default\"}},{\"type\":\"table\",\"props\":{\"css\":\".el-title{font-weight:600}\",\"image_svg_color\":\"emphasis\",\"link_style\":\"default\",\"link_text\":\"Read more\",\"meta_style\":\"text-meta\",\"show_content\":true,\"show_image\":true,\"show_link\":true,\"show_meta\":true,\"show_title\":true,\"table_hover\":true,\"table_order\":\"1\",\"table_responsive\":\"overflow\",\"table_size\":\"small\",\"table_style\":\"striped\",\"table_width_meta\":\"shrink\",\"table_width_title\":\"shrink\",\"title_color\":\"primary\"},\"children\":[{\"type\":\"table_item\",\"props\":{\"title\":\"Tipo de Propiedad\"},\"source_extended\":{\"props\":{\"content\":{\"name\":\"categoryString\",\"query\":{\"name\":\"~closest\"}}}},\"source\":[]},{\"type\":\"table_item\",\"props\":{\"content\":\"1239 has\",\"meta\":\"\",\"title\":\"Superficie\"}},{\"type\":\"table_item\",\"props\":{\"content\":\"\n\n<p>--\\\/--<\\\/p>\",\"title\":\"Valor\"}},{\"type\":\"table_item\",\"props\":{\"content\":\"Trevelin\",\"title\":\"Locaci\\u00f3n\"}}]}]}]},{\"type\":\"row\",\"children\":[{\"type\":\"column\",\"props\":{\"image_position\":\"center-center\",\"position_sticky_breakpoint\":\"m\"},\"children\":[{\"type\":\"html\",\"props\":{\"content\":\"<iframe src=\\\"https:\\\/\\\/www.google.com\\\/maps\\\/d\\\/u\\\/0\\\/embed?mid=1P4XmggjORm4v91R1LpjKUnKQIgGMxek&ehbc=2E312F\\\" width=\\\"100%\\\" height=\\\"480\\\"><\\\/iframe>\"},\"name\":\"Mapa\"},{\"type\":\"button\",\"props\":{\"fullwidth\":true,\"grid_column_gap\":\"small\",\"grid_row_gap\":\"small\",\"margin\":\"default\",\"status\":\"disabled\"},\"children\":[{\"type\":\"button_item\",\"props\":{\"button_style\":\"danger\",\"content\":\"Ver ubicaci\\u00f3n\",\"icon_align\":\"left\",\"link\":\"#\"}}],\"name\":\"Btn &\\\/\\\/ Ver ubicaci\\u00f3n\"}]}]},{\"type\":\"row\",\"children\":[{\"type\":\"column\",\"props\":{\"image_position\":\"center-center\",\"position_sticky_breakpoint\":\"m\"},\"children\":[{\"type\":\"table\",\"props\":{\"css\":\".el-title{font-weight:600}\",\"image_svg_color\":\"emphasis\",\"link_style\":\"default\",\"link_text\":\"Read more\",\"meta_style\":\"text-meta\",\"show_content\":true,\"show_image\":true,\"show_link\":true,\"show_meta\":true,\"show_title\":true,\"status\":\"disabled\",\"table_order\":\"1\",\"table_responsive\":\"responsive\",\"table_style\":\"striped\",\"table_width_meta\":\"shrink\",\"table_width_title\":\"shrink\",\"title_color\":\"primary\"},\"children\":[{\"type\":\"table_item\",\"props\":{\"content\":\"\",\"title\":\"Caracter\\u00edsticas\"}},{\"type\":\"table_item\",\"props\":{\"content\":\"\",\"title\":\"Distancias\"}},{\"type\":\"table_item\",\"props\":{\"content\":\"\",\"title\":\"Apto para\"}}]},{\"type\":\"headline\",\"props\":{\"content\":\"Video\",\"title_element\":\"h1\"}},{\"type\":\"video\",\"props\":{\"margin\":\"default\",\"video\":\"https:\\\/\\\/patagoniadesarrolla.com\\\/videos\\\/video-la-jacienta.mp4\",\"video_controls\":true,\"video_height\":\"450\",\"video_width\":\"100%\"}},{\"type\":\"headline\",\"props\":{\"content\":\"Fotos\",\"title_element\":\"h1\"}},{\"type\":\"gallery\",\"props\":{\"filter_align\":\"left\",\"filter_all\":true,\"filter_grid_breakpoint\":\"m\",\"filter_grid_width\":\"auto\",\"filter_position\":\"top\",\"filter_style\":\"tab\",\"grid_column_gap\":\"small\",\"grid_default\":\"3\",\"grid_medium\":\"3\",\"grid_row_gap\":\"small\",\"image_height\":\"500\",\"image_width\":\"500\",\"item_animation\":true,\"lightbox\":true,\"link_style\":\"default\",\"link_text\":\"\",\"margin\":\"default\",\"meta_align\":\"below-title\",\"meta_element\":\"div\",\"meta_style\":\"text-meta\",\"overlay_hover\":true,\"overlay_link\":true,\"overlay_mode\":\"cover\",\"overlay_position\":\"center\",\"overlay_style\":\"overlay-primary\",\"overlay_transition\":\"fade\",\"show_content\":true,\"show_hover_image\":true,\"show_link\":true,\"show_meta\":true,\"show_title\":false,\"text_align\":\"center\",\"text_color\":\"light\",\"title_element\":\"h3\",\"title_hover_style\":\"reset\"},\"children\":[{\"type\":\"gallery_item\",\"props\":{\"image\":\"wp-content\\\/uploads\\\/2024\\\/07\\\/la-jacinta-11.jpg\",\"title\":\"la-jacinta-11\"}},{\"type\":\"gallery_item\",\"props\":{\"image\":\"wp-content\\\/uploads\\\/2024\\\/07\\\/la-jacinta-9.jpg\",\"title\":\"la-jacinta-9\"}},{\"type\":\"gallery_item\",\"props\":{\"image\":\"wp-content\\\/uploads\\\/2024\\\/07\\\/la-jacinta-8.jpg\",\"title\":\"la-jacinta-8\"}},{\"type\":\"gallery_item\",\"props\":{\"image\":\"wp-content\\\/uploads\\\/2024\\\/07\\\/la-jacinta-5.jpg\",\"title\":\"la-jacinta-5\"}},{\"type\":\"gallery_item\",\"props\":{\"image\":\"wp-content\\\/uploads\\\/2024\\\/07\\\/la-jacinta-4.jpg\",\"title\":\"la-jacinta-4\"}},{\"type\":\"gallery_item\",\"props\":{\"image\":\"wp-content\\\/uploads\\\/2024\\\/07\\\/la-jacinta-3.jpg\",\"title\":\"la-jacinta-3\"}},{\"type\":\"gallery_item\",\"props\":{\"image\":\"wp-content\\\/uploads\\\/2024\\\/07\\\/la-jacinta-2.jpg\",\"title\":\"la-jacinta-2\"}},{\"type\":\"gallery_item\",\"props\":{\"image\":\"wp-content\\\/uploads\\\/2024\\\/07\\\/la-jacinta-1.jpg\",\"title\":\"la-jacinta-1\"}}]},{\"type\":\"button\",\"props\":{\"fullwidth\":true,\"grid_column_gap\":\"small\",\"grid_row_gap\":\"small\",\"margin\":\"default\"},\"children\":[{\"type\":\"button_item\",\"props\":{\"button_style\":\"primary\",\"content\":\"Ver m\\u00e1s en la ficha t\\u00e9cnica\",\"icon\":\"eye\",\"icon_align\":\"left\",\"status\":\"disabled\"}}]},{\"type\":\"divider\",\"props\":{\"divider_element\":\"hr\",\"margin\":\"xlarge\"}}]}]}],\"name\":\"La Jacinta\",\"source\":{\"query\":{\"name\":\"propiedadess.customPropiedades\",\"arguments\":{\"terms\":[],\"category_operator\":\"IN\",\"users\":[],\"users_operator\":\"IN\",\"offset\":0,\"order\":\"date\",\"order_direction\":\"DESC\",\"id\":2327}}}}],\"version\":\"4.2.4\",\"yooessentialsVersion\":\"2.1.0\"} --><\/p>\n","protected":false},"excerpt":{"rendered":"<p>Presentaci\u00f3n exclusiva La Jacinta Campo de 1239 hect\u00e1reas ubicada en la zona sur de la colonia Galesa, accesible por la ruta provincial N\u00b0 17 que conecta con ruta nacional N\u00b0 259 (Trevelin con Corcovado), actualmente en proceso de asfaltado. A 55 km de Trevelin, 90 km del aeropuerto de Esquel y 25 km de Corcovado. [&hellip;]<\/p>\n","protected":false},"author":1,"featured_media":6786,"parent":0,"menu_order":0,"comment_status":"closed","ping_status":"closed","template":"","meta":{"_acf_changed":false,"_joinchat":[],"footnotes":""},"class_list":["post-6772","page","type-page","status-publish","has-post-thumbnail","hentry"],"acf":[],"aioseo_notices":[],"_links":{"self":[{"href":"https:\/\/patagoniadesarrolla.com\/en\/wp-json\/wp\/v2\/pages\/6772","targetHints":{"allow":["GET"]}}],"collection":[{"href":"https:\/\/patagoniadesarrolla.com\/en\/wp-json\/wp\/v2\/pages"}],"about":[{"href":"https:\/\/patagoniadesarrolla.com\/en\/wp-json\/wp\/v2\/types\/page"}],"author":[{"embeddable":true,"href":"https:\/\/patagoniadesarrolla.com\/en\/wp-json\/wp\/v2\/users\/1"}],"replies":[{"embeddable":true,"href":"https:\/\/patagoniadesarrolla.com\/en\/wp-json\/wp\/v2\/comments?post=6772"}],"version-history":[{"count":20,"href":"https:\/\/patagoniadesarrolla.com\/en\/wp-json\/wp\/v2\/pages\/6772\/revisions"}],"predecessor-version":[{"id":6820,"href":"https:\/\/patagoniadesarrolla.com\/en\/wp-json\/wp\/v2\/pages\/6772\/revisions\/6820"}],"wp:featuredmedia":[{"embeddable":true,"href":"https:\/\/patagoniadesarrolla.com\/en\/wp-json\/wp\/v2\/media\/6786"}],"wp:attachment":[{"href":"https:\/\/patagoniadesarrolla.com\/en\/wp-json\/wp\/v2\/media?parent=6772"}],"curies":[{"name":"wp","href":"https:\/\/api.w.org\/{rel}","templated":true}]}}