{"id":8065,"date":"2025-02-03T12:27:50","date_gmt":"2025-02-03T15:27:50","guid":{"rendered":"https:\/\/patagoniadesarrolla.com\/?page_id=8065"},"modified":"2025-10-30T13:02:21","modified_gmt":"2025-10-30T16:02:21","slug":"propiedades-externas","status":"publish","type":"page","link":"https:\/\/patagoniadesarrolla.com\/de\/propiedades-externas\/","title":{"rendered":"\u00c4u\u00dfere Eigenschaften"},"content":{"rendered":"<h3>Informaci\u00f3n t\u00e9cnica<\/h3>\n<table>\n<tbody>\n<tr>\n<td>Categor\u00eda<\/td>\n<\/tr>\n<tr>\n<td>Locaci\u00f3n<\/td>\n<\/tr>\n<tr>\n<td>Superficie total<\/td>\n<\/tr>\n<tr>\n<td>Provista por<\/td>\n<\/tr>\n<tr>\n<td>Valor<\/td>\n<\/tr>\n<\/tbody>\n<\/table>\n<p><p>\n        Documentaci\u00f3n t\u00e9cnica    <\/p>\n<\/p>\n<p><p>\n        Fotos Google Drive    <\/p>\n<\/p>\n<p><p>\n        Archivo(s) KMZ \/ KML    <\/p>\n<\/p>\n<p><p>\n        Ver Ficha Web    <\/p>\n<\/p>\n<h5>Fin de la propiedad<\/h5>\n<p><!--more--><br \/>\n<!-- {\"type\":\"layout\",\"children\":[{\"type\":\"section\",\"props\":{\"divider_height\":\"120\",\"divider_position\":\"top\",\"divider_width\":\"100\",\"image_position\":\"center-center\",\"padding_custom_bottom\":\"40\",\"padding_custom_top\":\"40\",\"padding_remove_bottom\":true,\"style\":\"default\",\"style_custom_color\":\"#ccc\",\"title_breakpoint\":\"xl\",\"title_position\":\"top-left\",\"title_rotation\":\"left\",\"vertical_align\":\"middle\",\"width\":\"small\"},\"children\":[{\"type\":\"row\",\"children\":[{\"type\":\"column\",\"props\":{\"image_position\":\"center-center\",\"position_sticky_breakpoint\":\"m\"},\"children\":[{\"type\":\"headline\",\"props\":{\"title_decoration\":\"divider\",\"title_element\":\"h1\"},\"source\":{\"query\":{\"name\":\"pages.singlePage\"},\"props\":{\"content\":{\"filters\":{\"search\":\"\"},\"name\":\"title\"}}}}]}]}]},{\"type\":\"section\",\"props\":{\"divider_height\":\"120\",\"divider_position\":\"top\",\"divider_width\":\"100\",\"image_position\":\"center-center\",\"padding_custom_bottom\":\"40\",\"padding_custom_top\":\"40\",\"style\":\"default\",\"style_custom_color\":\"#ccc\",\"title_breakpoint\":\"xl\",\"title_position\":\"top-left\",\"title_rotation\":\"left\",\"vertical_align\":\"middle\",\"width\":\"small\"},\"children\":[{\"type\":\"row\",\"children\":[{\"type\":\"column\",\"props\":{\"image_position\":\"center-center\",\"position_sticky_breakpoint\":\"m\"},\"children\":[{\"type\":\"image\",\"props\":{\"css\":\".el-image{\\n    min-height:360px;\\n    object-fit:cover;\\n\\tbox-shadow:.5px .5px 6px #00000022;\\n    border-radius:8px;\\n}\\n\\n@media(max-width:639px){\\n.el-image{\\n    min-height:auto!important;\\n    max-height:270px!important;\\n    }\\n}\\n\\n\",\"image_svg_color\":\"emphasis\",\"image_width\":1920,\"margin\":\"default\"},\"source\":{\"query\":{\"name\":\"#parent\"},\"props\":{\"image\":{\"filters\":{\"search\":\"\"},\"name\":\"fld8a7D3GbTtyZ3mx_mono.url\"}}}},{\"type\":\"headline\",\"props\":{\"title_element\":\"h2\",\"yooessentials_access_conditions\":[],\"yooessentials_access_mode\":\"AND\"},\"source\":{\"query\":{\"name\":\"#parent\"},\"props\":{\"content\":{\"filters\":{\"search\":\"\"},\"name\":\"fldBOFS42fXAbyQgq\"}}}},{\"type\":\"text\",\"props\":{\"column_breakpoint\":\"m\",\"margin\":\"default\"},\"source\":{\"query\":{\"name\":\"#parent\"},\"props\":{\"content\":{\"filters\":{\"search\":\"\"},\"name\":\"fld072ugQAOs8ROhg\"}}}},{\"type\":\"html\",\"source\":{\"query\":{\"name\":\"#parent\"},\"props\":{\"content\":{\"filters\":{\"search\":\"\"},\"name\":\"fldlX7Bz0xgs8wVMv\"}}},\"props\":{\"css\":\"iframe{max-height:300px!important;}\\n.el-element{box-shadow:.5px .5px 6px #00000022;border-radius:8px;overflow:hidden;}\"},\"name\":\"Mapa\"},{\"type\":\"headline\",\"props\":{\"content\":\"Informaci\\u00f3n t\\u00e9cnica\",\"title_decoration\":\"line\",\"title_element\":\"h3\"},\"name\":\"Informaci\\u00f3n t\\u00e9cnica\"},{\"type\":\"table\",\"props\":{\"css\":\".el-element{box-shadow:.5px .5px 6px #00000022;border-radius:8px;}\",\"image_svg_color\":\"emphasis\",\"link_style\":\"default\",\"link_text\":\"Read more\",\"margin\":\"default\",\"meta_style\":\"text-meta\",\"show_content\":true,\"show_image\":true,\"show_link\":true,\"show_meta\":true,\"show_title\":true,\"table_order\":\"1\",\"table_responsive\":\"overflow\",\"table_size\":\"small\",\"table_style\":\"striped\",\"table_width_meta\":\"shrink\",\"table_width_title\":\"shrink\",\"title_color\":\"primary\"},\"children\":[{\"type\":\"table_item\",\"props\":{\"title\":\"Categor\\u00eda\"},\"source\":{\"query\":{\"name\":\"#parent\"},\"props\":{\"content\":{\"filters\":{\"search\":\"\"},\"name\":\"flduoJHBObPVrip0K\"}}}},{\"type\":\"table_item\",\"props\":{\"title\":\"Locaci\\u00f3n\"},\"source\":{\"query\":{\"name\":\"#parent\"},\"props\":{\"content\":{\"filters\":{\"search\":\"\",\"before\":\"<span class=\\\"uk-label\\\">\",\"after\":\"<\\\/span>\"},\"name\":\"fldiD0CyZS1uYpNAs\"}}}},{\"type\":\"table_item\",\"props\":{\"title\":\"Superficie total\"},\"source\":{\"query\":{\"name\":\"#parent\"},\"props\":{\"content\":{\"filters\":{\"search\":\"\",\"after\":\" ha\"},\"name\":\"fldlN4m9h3ZMFnXy8\"}}}},{\"type\":\"table_item\",\"props\":{\"title\":\"Provista por\"},\"source\":{\"query\":{\"name\":\"#parent\"},\"props\":{\"content\":{\"filters\":{\"search\":\"\"},\"name\":\"fldvzDDQPUKermLi0\"}}}},{\"type\":\"table_item\",\"props\":{\"title\":\"Valor\"},\"source\":{\"query\":{\"name\":\"#parent\"},\"props\":{\"content\":{\"filters\":{\"search\":\"\",\"before\":\"USD \"},\"name\":\"fldZ8jjrP8UQVl8yP\"}}}}]},{\"type\":\"button\",\"props\":{\"css\":\".uk-button-primary {background:#1a73e8!important;}\",\"fullwidth\":true,\"grid_column_gap\":\"small\",\"grid_row_gap\":\"small\",\"margin\":\"default\"},\"children\":[{\"type\":\"button_item\",\"props\":{\"button_style\":\"primary\",\"content\":\"Documentaci\\u00f3n t\\u00e9cnica\",\"dialog_layout\":\"modal\",\"dialog_offcanvas_flip\":true,\"icon\":\"list\",\"icon_align\":\"left\"},\"source\":{\"query\":{\"name\":\"#parent\"},\"props\":{\"link\":{\"filters\":{\"search\":\"\"},\"name\":\"fld6kC703tlZ1tOqp_mono.url\"},\"_condition\":{\"filters\":{\"condition\":\"!!\"},\"name\":\"fld6kC703tlZ1tOqp_mono.url\"}}}}],\"name\":\"Documentaci\\u00f3n t\\u00e9cnica\"},{\"type\":\"button\",\"props\":{\"fullwidth\":true,\"grid_column_gap\":\"small\",\"grid_row_gap\":\"small\",\"margin\":\"default\"},\"children\":[{\"type\":\"button_item\",\"props\":{\"button_style\":\"primary\",\"content\":\"Fotos Google Drive\",\"dialog_layout\":\"modal\",\"dialog_offcanvas_flip\":true,\"icon\":\"image\",\"icon_align\":\"left\"},\"source\":{\"query\":{\"name\":\"#parent\"},\"props\":{\"link\":{\"filters\":{\"search\":\"\"},\"name\":\"flda66wPcVvxYMqoD\"}}}}],\"name\":\"Fotos Google Drive\"},{\"type\":\"button\",\"props\":{\"fullwidth\":true,\"grid_column_gap\":\"small\",\"grid_row_gap\":\"small\",\"margin\":\"default\"},\"children\":[{\"type\":\"button_item\",\"props\":{\"button_style\":\"danger\",\"content\":\"Archivo(s) KMZ \\\/ KML\",\"dialog_layout\":\"modal\",\"dialog_offcanvas_flip\":true,\"icon\":\"download\",\"icon_align\":\"left\"},\"source\":{\"query\":{\"name\":\"#parent\"},\"props\":{\"link\":{\"filters\":{\"search\":\"\"},\"name\":\"fldadKnxyB7VrxiGe\"}}}}],\"name\":\"Descargar KMZ\"},{\"type\":\"button\",\"props\":{\"css\":\".uk-button-default{background:#fff;color:#07385c;border:#07385c solid 2.5px;font-weight:600;}\",\"fullwidth\":true,\"grid_column_gap\":\"small\",\"grid_row_gap\":\"small\",\"margin\":\"default\"},\"children\":[{\"type\":\"button_item\",\"props\":{\"button_style\":\"default\",\"content\":\"Ver Ficha Web\",\"dialog_layout\":\"modal\",\"dialog_offcanvas_flip\":true,\"icon\":\"world\",\"icon_align\":\"left\"},\"source\":{\"query\":{\"name\":\"#parent\"},\"props\":{\"link\":{\"filters\":{\"search\":\"\"},\"name\":\"fldih5UGJXclsPEvW\"}}}}],\"name\":\"Ver Ficha en la Web\"},{\"type\":\"video\",\"props\":{\"css\":\".el-element{box-shadow:.5px .5px 6px #00000022;border-radius:8px;overflow:hidden;}\",\"margin\":\"default\",\"video_controls\":true,\"video_height\":\"1080\",\"video_width\":\"1920\"},\"source\":{\"query\":{\"name\":\"#parent\"},\"props\":{\"video\":{\"filters\":{\"search\":\"\"},\"name\":\"fldoY8h2bXiSFPqho\"}}}},{\"type\":\"headline\",\"props\":{\"content\":\"Fin de la propiedad\",\"text_align\":\"center\",\"title_decoration\":\"line\",\"title_element\":\"h5\",\"title_font_family\":\"tertiary\"},\"name\":\"Fin de la propiedad\"}]}],\"props\":{\"divider\":true}}],\"source\":{\"query\":{\"name\":\"airtable04D9B6.records\",\"arguments\":{\"offset\":0,\"maxRecords\":20}}},\"name\":\"Propiedades\"}],\"version\":\"4.5.5\",\"yooessentialsVersion\":\"2.3.12\"} --><\/p>\n","protected":false},"excerpt":{"rendered":"<p>Informaci\u00f3n t\u00e9cnica Categor\u00eda Locaci\u00f3n Superficie total Provista por Valor Documentaci\u00f3n t\u00e9cnica Fotos Google Drive Archivo(s) KMZ \/ KML Ver Ficha Web Fin de la propiedad<\/p>","protected":false},"author":1,"featured_media":0,"parent":0,"menu_order":0,"comment_status":"closed","ping_status":"closed","template":"","meta":{"_acf_changed":false,"_joinchat":[],"footnotes":""},"class_list":["post-8065","page","type-page","status-publish","hentry"],"acf":[],"aioseo_notices":[],"_links":{"self":[{"href":"https:\/\/patagoniadesarrolla.com\/de\/wp-json\/wp\/v2\/pages\/8065","targetHints":{"allow":["GET"]}}],"collection":[{"href":"https:\/\/patagoniadesarrolla.com\/de\/wp-json\/wp\/v2\/pages"}],"about":[{"href":"https:\/\/patagoniadesarrolla.com\/de\/wp-json\/wp\/v2\/types\/page"}],"author":[{"embeddable":true,"href":"https:\/\/patagoniadesarrolla.com\/de\/wp-json\/wp\/v2\/users\/1"}],"replies":[{"embeddable":true,"href":"https:\/\/patagoniadesarrolla.com\/de\/wp-json\/wp\/v2\/comments?post=8065"}],"version-history":[{"count":5,"href":"https:\/\/patagoniadesarrolla.com\/de\/wp-json\/wp\/v2\/pages\/8065\/revisions"}],"predecessor-version":[{"id":10169,"href":"https:\/\/patagoniadesarrolla.com\/de\/wp-json\/wp\/v2\/pages\/8065\/revisions\/10169"}],"wp:attachment":[{"href":"https:\/\/patagoniadesarrolla.com\/de\/wp-json\/wp\/v2\/media?parent=8065"}],"curies":[{"name":"wp","href":"https:\/\/api.w.org\/{rel}","templated":true}]}}